{"id":9,"date":"2025-08-18T21:09:42","date_gmt":"2025-08-18T21:09:42","guid":{"rendered":"https:\/\/gerr.noobnews.com\/?page_id=9"},"modified":"2025-08-20T22:12:50","modified_gmt":"2025-08-20T22:12:50","slug":"terms-of-use","status":"publish","type":"page","link":"https:\/\/gerr.noobnews.com\/index.php\/terms-of-use\/","title":{"rendered":"Conditions d\u2019utilisation"},"content":{"rendered":"\n<ol class=\"wp-block-list\">\n<li><strong>Termes<\/strong><\/li>\n<\/ol>\n\n\n\n<p>En acc\u00e9dant au site [NOME DO SITE], vous acceptez de respecter ces conditions d\u2019utilisation, toutes lois et r\u00e8glements applicables, et reconnaissez \u00eatre responsable du respect des lois locales applicables. Si vous n\u2019acceptez pas un quelconque de ces termes, vous \u00eates interdit d\u2019utiliser ou d\u2019acc\u00e9der \u00e0 ce site. Les contenus pr\u00e9sents sur ce site sont prot\u00e9g\u00e9s par les lois en mati\u00e8re de droits d\u2019auteur et de marques commerciales applicables.<\/p>\n\n\n\n<ol start=\"2\" class=\"wp-block-list\">\n<li><strong>Licence d\u2019utilisation<\/strong><\/li>\n<\/ol>\n\n\n\n<p>Une permission vous est accord\u00e9e de t\u00e9l\u00e9charger temporairement une copie des contenus (informations ou logiciels) pr\u00e9sents sur le site [NOME DO SITE], uniquement pour une visualisation personnelle et non commerciale. Cette autorisation constitue une licence limit\u00e9e et non un transfert de propri\u00e9t\u00e9. En vertu de cette licence, vous ne pouvez notamment pas :<\/p>\n\n\n\n<p>modifier ou reproduire les contenus ;<\/p>\n\n\n\n<p>utiliser les contenus \u00e0 des fins commerciales ou pour une exposition publique (commerciale ou non commerciale) ;<\/p>\n\n\n\n<p>tenter de d\u00e9compiler ou d\u2019effectuer un \u00ab reverse engineering \u00bb sur tout logiciel pr\u00e9sent sur le site [NOME DO SITE] ;<\/p>\n\n\n\n<p>supprimer les mentions de droits d\u2019auteur ou autres indications de propri\u00e9t\u00e9 figurant sur les contenus ;<\/p>\n\n\n\n<p>transf\u00e9rer les contenus \u00e0 une autre personne ou les dupliquer (\u201cmirroring\u201d) sur un autre serveur.<\/p>\n\n\n\n<p>Cette licence sera automatiquement r\u00e9sili\u00e9e si vous enfreignez l\u2019une de ces restrictions et pourra \u00eatre r\u00e9sili\u00e9e par [NOME DO SITE] \u00e0 tout moment. Lorsque vous cessez de consulter ces contenus ou lorsque ladite licence arrive \u00e0 son terme, vous devez supprimer de votre possession tous les contenus t\u00e9l\u00e9charg\u00e9s, qu\u2019ils soient sous format \u00e9lectronique ou imprim\u00e9.<\/p>\n\n\n\n<ol start=\"3\" class=\"wp-block-list\">\n<li><strong>Exon\u00e9ration de responsabilit\u00e9<\/strong><\/li>\n<\/ol>\n\n\n\n<p>Les contenus disponibles sur le site [NOME DO SITE] sont fournis \u201ctels quels\u201d. [NOME DO SITE] ne donne aucune garantie, expresse ou implicite, et renonce express\u00e9ment \u00e0 toute autre garantie, y compris, sans limitation, les garanties implicites de qualit\u00e9 marchande, d\u2019ad\u00e9quation \u00e0 un usage particulier ou de non-violation de droits de propri\u00e9t\u00e9 intellectuelle ou autres droits.<\/p>\n\n\n\n<p>De plus, [NOME DO SITE] ne garantit ni l\u2019exactitude, ni les r\u00e9sultats probables, ni la fiabilit\u00e9 de l\u2019utilisation des contenus sur son site, ni concernant les contenus eux-m\u00eames, ni les sites li\u00e9s \u00e0 celui-ci.<\/p>\n\n\n\n<ol start=\"4\" class=\"wp-block-list\">\n<li><strong>Limitation de responsabilit\u00e9<\/strong><\/li>\n<\/ol>\n\n\n\n<p>En aucun cas [NOME DO SITE] ou ses fournisseurs ne pourront \u00eatre tenus responsables de dommages quelconques (notamment, sans limitation, perte de donn\u00e9es, manque \u00e0 gagner ou interruption d\u2019activit\u00e9), r\u00e9sultant de l\u2019utilisation ou de l\u2019impossibilit\u00e9 d\u2019utiliser les contenus pr\u00e9sents sur le site [NOME DO SITE], m\u00eame si [NOME DO SITE] ou un repr\u00e9sentant autoris\u00e9 a \u00e9t\u00e9 inform\u00e9 oralement ou par \u00e9crit de la possibilit\u00e9 de tels dommages. Certaines juridictions n\u2019autorisant pas la limitation des garanties implicites ou excluant la responsabilit\u00e9 pour dommages indirects ou accessoires, ces limitations peuvent ne pas s\u2019appliquer \u00e0 vous.<\/p>\n\n\n\n<ol start=\"5\" class=\"wp-block-list\">\n<li><strong>Exactitude des contenus<\/strong><\/li>\n<\/ol>\n\n\n\n<p>Les contenus affich\u00e9s sur le site [NOME DO SITE] peuvent contenir des erreurs techniques, typographiques ou photographiques. [NOME DO SITE] ne garantit que les contenus pr\u00e9sents sur son site soient exacts, complets ou actualis\u00e9s. [NOME DO SITE] se r\u00e9serve le droit de modifier les contenus figurant sur son site \u00e0 tout moment, sans pr\u00e9avis. Toutefois, [NOME DO SITE] n\u2019a aucune obligation d\u2019actualiser les contenus.<\/p>\n\n\n\n<ol start=\"6\" class=\"wp-block-list\">\n<li><strong>Liens hypertextes<\/strong><\/li>\n<\/ol>\n\n\n\n<p>[NOME DO SITE] n\u2019a pas examin\u00e9 tous les sites web li\u00e9s \u00e0 son propre site et ne peut \u00eatre tenu responsable du contenu de ces sites. La pr\u00e9sence d\u2019un lien vers un site tiers n\u2019implique pas un quelconque aval de [NOME DO SITE] sur ce site. L\u2019utilisation d\u2019un site li\u00e9 s\u2019effectue sous votre seule responsabilit\u00e9.<\/p>\n\n\n\n<p>Modifications<\/p>\n\n\n\n<p>[NOME DO SITE] peut r\u00e9viser \u00e0 tout moment, sans pr\u00e9avis, les pr\u00e9sentes conditions g\u00e9n\u00e9rales d\u2019utilisation. En utilisant ce site, vous acceptez d\u2019\u00eatre li\u00e9 par la version en vigueur de ces conditions.<\/p>\n\n\n\n<p>Loi applicable<\/p>\n\n\n\n<p>Ces termes et conditions sont r\u00e9gis et interpr\u00e9t\u00e9s conform\u00e9ment aux lois applicables en France. Vous acceptez irr\u00e9vocablement la comp\u00e9tence exclusive des tribunaux situ\u00e9s dans ce pays ou cette juridiction.<\/p>\n\n\n\n<p>Si vous avez besoin d\u2019une version adapt\u00e9e \u00e0 un contexte juridique sp\u00e9cifique (par exemple, destin\u00e9e \u00e0 publication l\u00e9gale ou contractuelle), je peux aussi vous aider \u00e0 l\u2019ajuster.<\/p>\n","protected":false},"excerpt":{"rendered":"<p>Termes En acc\u00e9dant au site [NOME DO SITE], vous acceptez de respecter ces conditions d\u2019utilisation, toutes lois et r\u00e8glements applicables, et reconnaissez \u00eatre responsable du respect des lois locales applicables. Si vous n\u2019acceptez pas un quelconque de ces termes, vous \u00eates interdit d\u2019utiliser ou d\u2019acc\u00e9der \u00e0 ce site. Les contenus pr\u00e9sents sur ce site sont &hellip;<\/p>\n","protected":false},"author":1,"featured_media":0,"parent":0,"menu_order":0,"comment_status":"closed","ping_status":"closed","template":"","meta":{"footnotes":""},"class_list":["post-9","page","type-page","status-publish","hentry"],"_links":{"self":[{"href":"https:\/\/gerr.noobnews.com\/index.php\/wp-json\/wp\/v2\/pages\/9","targetHints":{"allow":["GET"]}}],"collection":[{"href":"https:\/\/gerr.noobnews.com\/index.php\/wp-json\/wp\/v2\/pages"}],"about":[{"href":"https:\/\/gerr.noobnews.com\/index.php\/wp-json\/wp\/v2\/types\/page"}],"author":[{"embeddable":true,"href":"https:\/\/gerr.noobnews.com\/index.php\/wp-json\/wp\/v2\/users\/1"}],"replies":[{"embeddable":true,"href":"https:\/\/gerr.noobnews.com\/index.php\/wp-json\/wp\/v2\/comments?post=9"}],"version-history":[{"count":1,"href":"https:\/\/gerr.noobnews.com\/index.php\/wp-json\/wp\/v2\/pages\/9\/revisions"}],"predecessor-version":[{"id":10,"href":"https:\/\/gerr.noobnews.com\/index.php\/wp-json\/wp\/v2\/pages\/9\/revisions\/10"}],"wp:attachment":[{"href":"https:\/\/gerr.noobnews.com\/index.php\/wp-json\/wp\/v2\/media?parent=9"}],"curies":[{"name":"wp","href":"https:\/\/api.w.org\/{rel}","templated":true}]}}